{"id":94,"date":"2018-07-26T11:42:43","date_gmt":"2018-07-26T09:42:43","guid":{"rendered":"http:\/\/dev.medic-all.fr\/?page_id=94"},"modified":"2020-06-08T17:13:09","modified_gmt":"2020-06-08T15:13:09","slug":"logiciel-de-commande","status":"publish","type":"page","link":"https:\/\/medic-all.fr\/?page_id=94","title":{"rendered":"Logiciel de commande"},"content":{"rendered":"<p>B\u00e9n\u00e9ficiez du logiciel accessible en ligne MEDIC&#8217;ALL PROFIL<br \/>\net g\u00e9rez tous les postes cl\u00e9s en toute facilit\u00e9 :<\/p>\n<p><img loading=\"lazy\" class=\"alignnone size-medium wp-image-318 aligncenter\" src=\"http:\/\/dev.medic-all.fr\/wp-content\/uploads\/2020\/05\/Capture-d\u2019\u00e9cran-2020-05-28-\u00e0-14.10.19-300x162.png\" alt=\"\" width=\"300\" height=\"162\" srcset=\"https:\/\/medic-all.fr\/wp-content\/uploads\/2020\/05\/Capture-d\u2019\u00e9cran-2020-05-28-\u00e0-14.10.19-300x162.png 300w, https:\/\/medic-all.fr\/wp-content\/uploads\/2020\/05\/Capture-d\u2019\u00e9cran-2020-05-28-\u00e0-14.10.19-768x415.png 768w, https:\/\/medic-all.fr\/wp-content\/uploads\/2020\/05\/Capture-d\u2019\u00e9cran-2020-05-28-\u00e0-14.10.19-1024x554.png 1024w\" sizes=\"(max-width: 300px) 100vw, 300px\" \/><\/p>\n<ul>\n<li>Passage de commande en ligne<\/li>\n<li>Gestion des quantit\u00e9s et optimisation globale<\/li>\n<li>Commandes instantan\u00e9es et d\u00e9mat\u00e9rialis\u00e9e<\/li>\n<li>Ma\u00eetrise budg\u00e9taire<\/li>\n<li>Statistiques d\u00e9taill\u00e9es et globales<\/li>\n<\/ul>\n<p><img loading=\"lazy\" class=\"alignnone size-medium wp-image-319 aligncenter\" src=\"http:\/\/dev.medic-all.fr\/wp-content\/uploads\/2020\/05\/Capture-d\u2019\u00e9cran-2020-05-28-\u00e0-14.10.03-300x160.png\" alt=\"\" width=\"300\" height=\"160\" srcset=\"https:\/\/medic-all.fr\/wp-content\/uploads\/2020\/05\/Capture-d\u2019\u00e9cran-2020-05-28-\u00e0-14.10.03-300x160.png 300w, https:\/\/medic-all.fr\/wp-content\/uploads\/2020\/05\/Capture-d\u2019\u00e9cran-2020-05-28-\u00e0-14.10.03-768x411.png 768w, https:\/\/medic-all.fr\/wp-content\/uploads\/2020\/05\/Capture-d\u2019\u00e9cran-2020-05-28-\u00e0-14.10.03-1024x547.png 1024w\" sizes=\"(max-width: 300px) 100vw, 300px\" \/><\/p>\n<p>Voici l&#8217;acc\u00e8s au logiciel de commande : <a href=\"http:\/\/www.medicall-profil.com\" target=\"_blank\" rel=\"noopener noreferrer\"><span style=\"text-decoration: underline;\"><strong>www.medicall-profil.com<\/strong><\/span><\/a><\/p>\n<p>Contactez-nous si vous souhaitez ouvrir un compte.<\/p>\n","protected":false},"excerpt":{"rendered":"<p>B\u00e9n\u00e9ficiez du logiciel accessible en ligne MEDIC&#8217;ALL PROFIL et g\u00e9rez tous les postes cl\u00e9s en toute facilit\u00e9 : Passage de commande en ligne Gestion des quantit\u00e9s et optimisation globale Commandes instantan\u00e9es et d\u00e9mat\u00e9rialis\u00e9e Ma\u00eetrise budg\u00e9taire Statistiques d\u00e9taill\u00e9es et globales Voici l&#8217;acc\u00e8s au logiciel de commande : www.medicall-profil.com Contactez-nous si vous [&hellip;]<\/p>\n","protected":false},"author":4,"featured_media":322,"parent":0,"menu_order":2,"comment_status":"closed","ping_status":"closed","template":"","meta":[],"_links":{"self":[{"href":"https:\/\/medic-all.fr\/index.php?rest_route=\/wp\/v2\/pages\/94"}],"collection":[{"href":"https:\/\/medic-all.fr\/index.php?rest_route=\/wp\/v2\/pages"}],"about":[{"href":"https:\/\/medic-all.fr\/index.php?rest_route=\/wp\/v2\/types\/page"}],"author":[{"embeddable":true,"href":"https:\/\/medic-all.fr\/index.php?rest_route=\/wp\/v2\/users\/4"}],"replies":[{"embeddable":true,"href":"https:\/\/medic-all.fr\/index.php?rest_route=%2Fwp%2Fv2%2Fcomments&post=94"}],"version-history":[{"count":7,"href":"https:\/\/medic-all.fr\/index.php?rest_route=\/wp\/v2\/pages\/94\/revisions"}],"predecessor-version":[{"id":435,"href":"https:\/\/medic-all.fr\/index.php?rest_route=\/wp\/v2\/pages\/94\/revisions\/435"}],"wp:featuredmedia":[{"embeddable":true,"href":"https:\/\/medic-all.fr\/index.php?rest_route=\/wp\/v2\/media\/322"}],"wp:attachment":[{"href":"https:\/\/medic-all.fr\/index.php?rest_route=%2Fwp%2Fv2%2Fmedia&parent=94"}],"curies":[{"name":"wp","href":"https:\/\/api.w.org\/{rel}","templated":true}]}}